{"id":10,"date":"2023-11-21T08:44:22","date_gmt":"2023-11-21T07:44:22","guid":{"rendered":"https:\/\/poligonsvic.cat\/?page_id=10"},"modified":"2026-03-10T10:17:15","modified_gmt":"2026-03-10T09:17:15","slug":"poligons","status":"publish","type":"page","link":"https:\/\/poligonsvic.cat\/index.php\/poligons\/","title":{"rendered":"Pol\u00edgons"},"content":{"rendered":"\n<div class=\"wp-block-columns alignwide is-layout-flex wp-container-core-columns-is-layout-28f84493 wp-block-columns-is-layout-flex\">\n<div class=\"wp-block-column is-layout-flow wp-block-column-is-layout-flow\" style=\"flex-basis:30%\">\n<div class=\"wp-block-buttons is-layout-flex wp-block-buttons-is-layout-flex\">\n<div class=\"wp-block-button\"><a class=\"wp-block-button__link has-background-color has-vivid-green-cyan-background-color has-text-color has-background has-link-color wp-element-button\" href=\"https:\/\/nausisolars.amb.cat\/cercador\/comarca=24;immoble=Tots;oferta=Tots;\" style=\"font-style:normal;font-weight:700\">Cercador d&#8217;espai industrial<\/a><\/div>\n<\/div>\n<\/div>\n\n\n\n<div class=\"wp-block-column is-layout-flow wp-block-column-is-layout-flow\">\n<p class=\"has-foreground-color has-text-color has-link-color wp-elements-a6b189a83318087e81f00b4120d512f3\">Si est\u00e0s <strong>buscant s\u00f2l industrial o una nau<\/strong> per establir la teva empresa a Vic, consulta el servei de cerca d&#8217;espais industrials.<br><\/p>\n<\/div>\n<\/div>\n\n\n\n<hr class=\"wp-block-separator has-text-color has-cyan-bluish-gray-color has-alpha-channel-opacity has-cyan-bluish-gray-background-color has-background is-style-wide\" style=\"margin-top:var(--wp--preset--spacing--50)\"\/>\n\n\n\n<div style=\"height:32px\" aria-hidden=\"true\" class=\"wp-block-spacer\"><\/div>\n\n\n\n<h4 class=\"wp-block-heading\">Pol\u00edgons i perfil empresarial<\/h4>\n\n\n\n<div style=\"height:10px\" aria-hidden=\"true\" class=\"wp-block-spacer\"><\/div>\n\n\n\n<figure class=\"wp-block-image size-large\"><img loading=\"lazy\" decoding=\"async\" width=\"1024\" height=\"334\" src=\"https:\/\/poligonsvic.cat\/wp-content\/uploads\/2023\/11\/bgpoligons4-e1701186282314-1024x334.png\" alt=\"\" class=\"wp-image-218\" srcset=\"https:\/\/poligonsvic.cat\/wp-content\/uploads\/2023\/11\/bgpoligons4-e1701186282314-1024x334.png 1024w, https:\/\/poligonsvic.cat\/wp-content\/uploads\/2023\/11\/bgpoligons4-e1701186282314-300x98.png 300w, https:\/\/poligonsvic.cat\/wp-content\/uploads\/2023\/11\/bgpoligons4-e1701186282314-768x251.png 768w, https:\/\/poligonsvic.cat\/wp-content\/uploads\/2023\/11\/bgpoligons4-e1701186282314-1536x502.png 1536w, https:\/\/poligonsvic.cat\/wp-content\/uploads\/2023\/11\/bgpoligons4-e1701186282314.png 1626w\" sizes=\"auto, (max-width: 1024px) 100vw, 1024px\" \/><\/figure>\n\n\n\n<div class=\"wp-block-columns is-layout-flex wp-container-core-columns-is-layout-28f84493 wp-block-columns-is-layout-flex\">\n<div class=\"wp-block-column is-layout-flow wp-block-column-is-layout-flow\" style=\"flex-basis:50%\">\n<p>El municipi <strong>de Vic disposa d\u2019un total de 9 pol\u00edgons industrials <\/strong>que ocupen una superf\u00edcie de <strong>273,06 hect\u00e0rees i 776 parcel\u00b7les, segons el <\/strong><a href=\"https:\/\/empresa.gencat.cat\/ca\/treb_ambits_actuacio\/industria\/inversio-industrial\/sipae\/sipae\/\"><strong>SIPAE<\/strong><\/a> (Sistema d\u2019Informaci\u00f3 de Pol\u00edgons d\u2019Activitat Econ\u00f2mica).<\/p>\n<\/div>\n\n\n\n<div class=\"wp-block-column is-layout-flow wp-block-column-is-layout-flow\" style=\"flex-basis:50%\">\n<p>Aquests deu pol\u00edgons s\u2019organitzen al voltant de tres associacions empresarials: <a href=\"https:\/\/ainev.cat\/\">AINEV<\/a> (Associaci\u00f3 Industrial Nord-Est Vic), PAE Vic (Parc d\u2019Activitats Econ\u00f2miques de Vic) i AP Vic (Associaci\u00f3 de Pol\u00edgons Vic Nord).<\/p>\n<\/div>\n<\/div>\n\n\n\n<hr class=\"wp-block-separator alignwide has-text-color has-cyan-bluish-gray-color has-alpha-channel-opacity has-cyan-bluish-gray-background-color has-background is-style-wide\"\/>\n\n\n\n<p><\/p>\n\n\n\n<div style=\"height:22px\" aria-hidden=\"true\" class=\"wp-block-spacer\"><\/div>\n\n\n\n<h4 class=\"wp-block-heading\">Llistat de pol\u00edgons<\/h4>\n\n\n<p><iframe loading=\"lazy\" style=\"border: 0px;\" src=\"https:\/\/www.google.com\/maps\/d\/embed?mid=1v0DqD2KPl6VrmP5gjGEHAzbnsKj1LAw&amp;ehbc=2E312F\" width=\"100%\" height=\"480\"><\/iframe><\/p>\n\n\n<p><\/p>\n\n\n\n<div class=\"wp-block-columns is-layout-flex wp-container-core-columns-is-layout-28f84493 wp-block-columns-is-layout-flex\">\n<div class=\"wp-block-column is-layout-flow wp-block-column-is-layout-flow\">\n<p><strong>Malloles<\/strong><\/p>\n<\/div>\n\n\n\n<div class=\"wp-block-column is-layout-flow wp-block-column-is-layout-flow\">\n<p><strong>Les Casasses<\/strong><\/p>\n<\/div>\n<\/div>\n\n\n\n<div class=\"wp-block-columns is-layout-flex wp-container-core-columns-is-layout-28f84493 wp-block-columns-is-layout-flex\">\n<div class=\"wp-block-column is-layout-flow wp-block-column-is-layout-flow\">\n<p><strong>PAE Nord<\/strong><\/p>\n<\/div>\n\n\n\n<div class=\"wp-block-column is-layout-flow wp-block-column-is-layout-flow\">\n<p><strong>PAE Sud<\/strong><\/p>\n<\/div>\n<\/div>\n\n\n\n<div class=\"wp-block-columns is-layout-flex wp-container-core-columns-is-layout-28f84493 wp-block-columns-is-layout-flex\">\n<div class=\"wp-block-column is-layout-flow wp-block-column-is-layout-flow\">\n<p><strong>Carretera de Gurb<\/strong><\/p>\n<\/div>\n\n\n\n<div class=\"wp-block-column is-layout-flow wp-block-column-is-layout-flow\">\n<p><strong>Sot dels Pradals<\/strong><\/p>\n<\/div>\n<\/div>\n\n\n\n<div class=\"wp-block-columns is-layout-flex wp-container-core-columns-is-layout-28f84493 wp-block-columns-is-layout-flex\">\n<div class=\"wp-block-column is-layout-flow wp-block-column-is-layout-flow\">\n<p><strong>Mas Beul\u00f3<\/strong><\/p>\n<\/div>\n\n\n\n<div class=\"wp-block-column is-layout-flow wp-block-column-is-layout-flow\">\n<p><strong>Mas d&#8217;en Prat<\/strong><\/p>\n<\/div>\n<\/div>\n\n\n\n<div class=\"wp-block-columns is-layout-flex wp-container-core-columns-is-layout-28f84493 wp-block-columns-is-layout-flex\">\n<div class=\"wp-block-column is-layout-flow wp-block-column-is-layout-flow\">\n<p><strong>El Bruguer<\/strong><\/p>\n<\/div>\n\n\n\n<div class=\"wp-block-column is-layout-flow wp-block-column-is-layout-flow\">\n<p><strong>Mas de Bigas<\/strong><\/p>\n<\/div>\n<\/div>\n\n\n\n<div style=\"height:42px\" aria-hidden=\"true\" class=\"wp-block-spacer\"><\/div>\n\n\n\n<p>En aquesta extensi\u00f3 territorial s\u2019hi situen <strong>498 empreses <\/strong>, representant <strong>el 9,51% del total d\u2019empreses de la comarca d\u2019Osona i el 26,5% de Vic<\/strong>. Les principals activitats que es desenvolupen en aquest segment de territori s\u00f3n:<\/p>\n\n\n\n<ul class=\"wp-block-list\">\n<li>Comer\u00e7 a l\u2019engr\u00f2s (21%).<\/li>\n\n\n\n<li>Automoci\u00f3 (11,5%).<\/li>\n\n\n\n<li>Metall i b\u00e9ns d\u2019equip (10,3%).<\/li>\n\n\n\n<li>Comer\u00e7 al detall (10,1%).<\/li>\n\n\n\n<li>Construcci\u00f3 (8,1%).<\/li>\n<\/ul>\n\n\n\n<p>Aix\u00ed mateix, <strong>en aquests pol\u00edgons es concentren quasi la meitat de les persones treballadores d\u2019empreses ubicades en pol\u00edgons d\u2019Osona (43%). En el cas de Vic, aquesta xifra representa el 63,2% de les persones treballadores. Aix\u00ed els pol\u00edgons industrials de Vic esdevenen un dinamitzador econ\u00f2mic no nom\u00e9s del municipi sin\u00f3 tamb\u00e9 de la comarca.<\/strong><\/p>\n\n\n\n<p><\/p>\n","protected":false},"excerpt":{"rendered":"<p>Si est\u00e0s buscant s\u00f2l industrial o una nau per establir la teva empresa a Vic, consulta el servei de cerca d&#8217;espais industrials. Pol\u00edgons i perfil empresarial El municipi de Vic disposa d\u2019un total de 9 pol\u00edgons industrials que ocupen una superf\u00edcie de 273,06 hect\u00e0rees i 776 parcel\u00b7les, segons el SIPAE (Sistema d\u2019Informaci\u00f3 de Pol\u00edgons d\u2019Activitat [&hellip;]<\/p>\n","protected":false},"author":2,"featured_media":0,"parent":0,"menu_order":0,"comment_status":"closed","ping_status":"closed","template":"","meta":{"footnotes":""},"class_list":["post-10","page","type-page","status-publish","hentry"],"_links":{"self":[{"href":"https:\/\/poligonsvic.cat\/index.php\/wp-json\/wp\/v2\/pages\/10","targetHints":{"allow":["GET"]}}],"collection":[{"href":"https:\/\/poligonsvic.cat\/index.php\/wp-json\/wp\/v2\/pages"}],"about":[{"href":"https:\/\/poligonsvic.cat\/index.php\/wp-json\/wp\/v2\/types\/page"}],"author":[{"embeddable":true,"href":"https:\/\/poligonsvic.cat\/index.php\/wp-json\/wp\/v2\/users\/2"}],"replies":[{"embeddable":true,"href":"https:\/\/poligonsvic.cat\/index.php\/wp-json\/wp\/v2\/comments?post=10"}],"version-history":[{"count":57,"href":"https:\/\/poligonsvic.cat\/index.php\/wp-json\/wp\/v2\/pages\/10\/revisions"}],"predecessor-version":[{"id":475,"href":"https:\/\/poligonsvic.cat\/index.php\/wp-json\/wp\/v2\/pages\/10\/revisions\/475"}],"wp:attachment":[{"href":"https:\/\/poligonsvic.cat\/index.php\/wp-json\/wp\/v2\/media?parent=10"}],"curies":[{"name":"wp","href":"https:\/\/api.w.org\/{rel}","templated":true}]}}