{"id":290,"date":"2023-11-28T17:23:02","date_gmt":"2023-11-28T16:23:02","guid":{"rendered":"https:\/\/poligonsvic.cat\/?page_id=290"},"modified":"2025-11-07T09:21:40","modified_gmt":"2025-11-07T08:21:40","slug":"pae","status":"publish","type":"page","link":"https:\/\/poligonsvic.cat\/index.php\/pae\/","title":{"rendered":"PAE"},"content":{"rendered":"\n<div class=\"wp-block-columns is-layout-flex wp-container-core-columns-is-layout-28f84493 wp-block-columns-is-layout-flex\">\n<div class=\"wp-block-column has-background-background-color has-background is-layout-flow wp-block-column-is-layout-flow\" style=\"padding-top:var(--wp--preset--spacing--50);padding-right:var(--wp--preset--spacing--30);padding-bottom:var(--wp--preset--spacing--50);padding-left:var(--wp--preset--spacing--30)\">\n<figure class=\"wp-block-image alignleft size-full is-resized\"><img loading=\"lazy\" decoding=\"async\" width=\"474\" height=\"185\" src=\"https:\/\/poligonsvic.cat\/wp-content\/uploads\/2023\/11\/Captura-de-Pantalla-2023-11-27-a-les-11.59.47.png\" alt=\"\" class=\"wp-image-139\" style=\"width:305px;height:auto\" srcset=\"https:\/\/poligonsvic.cat\/wp-content\/uploads\/2023\/11\/Captura-de-Pantalla-2023-11-27-a-les-11.59.47.png 474w, https:\/\/poligonsvic.cat\/wp-content\/uploads\/2023\/11\/Captura-de-Pantalla-2023-11-27-a-les-11.59.47-300x117.png 300w\" sizes=\"auto, (max-width: 474px) 100vw, 474px\" \/><\/figure>\n<\/div>\n<\/div>\n\n\n\n<figure class=\"wp-block-image size-large\"><img loading=\"lazy\" decoding=\"async\" width=\"1024\" height=\"339\" src=\"https:\/\/poligonsvic.cat\/wp-content\/uploads\/2023\/11\/pae-1024x339.png\" alt=\"\" class=\"wp-image-292\" srcset=\"https:\/\/poligonsvic.cat\/wp-content\/uploads\/2023\/11\/pae-1024x339.png 1024w, https:\/\/poligonsvic.cat\/wp-content\/uploads\/2023\/11\/pae-300x99.png 300w, https:\/\/poligonsvic.cat\/wp-content\/uploads\/2023\/11\/pae-768x254.png 768w, https:\/\/poligonsvic.cat\/wp-content\/uploads\/2023\/11\/pae.png 1147w\" sizes=\"auto, (max-width: 1024px) 100vw, 1024px\" \/><\/figure>\n\n\n\n<div class=\"wp-block-group is-vertical is-layout-flex wp-container-core-group-is-layout-939d3073 wp-block-group-is-layout-flex\" style=\"border-style:none;border-width:0px;padding-right:0;padding-left:0\">\n<div style=\"height:34px\" aria-hidden=\"true\" class=\"wp-block-spacer wp-container-content-cf2db169\"><\/div>\n\n\n\n<details class=\"wp-block-details has-vivid-red-color has-text-color has-link-color wp-elements-b7055ca92eeb2ffd6035f656b05e48c6 is-layout-flow wp-block-details-is-layout-flow\"><summary>Contacta&#8217;ns<\/summary>\n<p>Toni Erra, President<br>infopaevic@gmail.com<\/p>\n<\/details>\n\n\n\n<p><strong>President:&nbsp;<\/strong>Toni Erra<br><\/p>\n\n\n\n<div style=\"height:20px\" aria-hidden=\"true\" class=\"wp-block-spacer wp-container-content-728072c3\"><\/div>\n\n\n\n<div style=\"height:20px\" aria-hidden=\"true\" class=\"wp-block-spacer wp-container-content-62aae154\"><\/div>\n<\/div>\n\n\n\n<h3 class=\"wp-block-heading\">Presentaci\u00f3<\/h3>\n\n\n\n<div class=\"wp-block-group is-vertical is-layout-flex wp-container-core-group-is-layout-939d3073 wp-block-group-is-layout-flex\" style=\"border-style:none;border-width:0px;padding-right:0;padding-left:0\">\n<p>L\u2019Associaci\u00f3 de <strong>Parc Activitats Economiques de Vic <\/strong>es va constituir per part de dos empresaris del pol\u00edgon l\u2019any 2003, amb la finalitat de treballar conjuntament i poder millorar les condicions del pol\u00edgon per fer-ne una zona atractiva per les empreses i dotada de tots els serveis que es necessiten.<\/p>\n\n\n\n<p>Algunes de les accions que es duen a terme son el manteniment de voreres, calvegueram i enllumenat del pol\u00edgon, aix\u00ed com tamb\u00e9 la seguretat i la senyalitzaci\u00f3 de les empreses associades. Vol ser un espai on tots els associats tinguin veu i puguin compartir les seves inquietuds, amb comunicaci\u00f3 directe amb l\u2019Ajuntament de Vic, buscant les millors solucions a les necessitats de les empreses que en formen part.<\/p>\n\n\n\n<p>Es treballa molt estretament amb les altres dues associacions de pol\u00edgons que hi ha actualment a Vic.<br>Cobreix les dues zones dels PAE Nord I i PAE Sud.<\/p>\n<\/div>\n\n\n\n<h3 class=\"wp-block-heading\">Serveis<\/h3>\n\n\n\n<ul class=\"wp-block-list\">\n<li><strong>Gesti\u00f3 mancomunada: <\/strong>Vetllar per propostes conjuntes per a la millora dels pol\u00edgons de Vic.<\/li>\n\n\n\n<li><strong>Gesti\u00f3 de la SEGURETAT<\/strong>: c\u00e0meres de videovigil\u00e0ncia i servei de vigil\u00e0ncia amb rondes als pol\u00edgons de Malloles, Bruguer i Casassas, la resta de zones est\u00e0 en per\u00edode d\u2019estudi.<\/li>\n\n\n\n<li>Millorar la MOBILITAT: contacte directe amb l\u2019\u00e0rea de mobilitat de l\u2019Ajuntament de Vic per treballar conjuntament amb pel seu bon funcionament. Temes: circulaci\u00f3 de vehicles, carrils bicicleta, sentits de circulaci\u00f3, aparcaments de tot tipus, senyalitzacions, incid\u00e8ncies, etc.&nbsp;<\/li>\n\n\n\n<li><strong>VETLLAR PEL MANTENIMENT de l\u2019\u00c0REA INDUSTRIAL:<\/strong> jardineria, cal\u00e7ades, neteja, enllumenat, senyalitzaci\u00f3 i alertar de comportaments inc\u00edvics.<\/li>\n\n\n\n<li>SALUT: desfibril\u00b7ladors als pol\u00edgons per tenir la zona cardioprotegida.<\/li>\n\n\n\n<li><strong>CONNEXIONS<\/strong>: Contacte directe amb l\u2019Ajuntament de Vic amb la regidoria de promoci\u00f3 econ\u00f2mica, \u00e0rea de manteniment, mobilitat i promoci\u00f3 econ\u00f2mica de Vic (Creacci\u00f3) i les dues associacions de PAEs m\u00e9s que hi ha a Vic. El 1r dijous de cada mes.<\/li>\n\n\n\n<li><strong>COMPETITIVITAT EMPRESARIAL<\/strong>: assessoraments en energia, residus, gesti\u00f3, digital, etc., creaci\u00f3 grup de compra d\u2019energia.<\/li>\n\n\n\n<li><strong>COMUNICACI\u00d3:&nbsp;<\/strong>Informar peri\u00f2dicament de totes les actuacions que es realitzen.<\/li>\n\n\n\n<li><strong>POSICIONAMENT I VISIBILITAT: <\/strong>directori empresarial (<a href=\"http:\/\/empresesosona.cat\/\" target=\"_blank\" rel=\"noreferrer noopener\">http:\/\/empresesosona.cat\/<\/a>).<\/li>\n<\/ul>\n\n\n\n<div class=\"wp-block-group is-vertical is-layout-flex wp-container-core-group-is-layout-939d3073 wp-block-group-is-layout-flex\" style=\"border-style:none;border-width:0px;padding-right:0;padding-left:0\">\n<div style=\"height:0px\" aria-hidden=\"true\" class=\"wp-block-spacer wp-container-content-b30579f5\"><\/div>\n\n\n\n<h3 class=\"wp-block-heading\">Situaci\u00f3<\/h3>\n<\/div>\n\n\n<p><iframe loading=\"lazy\" src=\"https:\/\/www.google.com\/maps\/d\/u\/1\/embed?mid=1mrcXZKxvh63bO5KNz9_wX2Fm5jvWcqU&#038;ehbc=2E312F\" width=\"100%\" height=\"480\" style=\"border: 0px;\"><\/iframe><\/p>\n\n\n<div class=\"wp-block-group is-vertical is-layout-flex wp-container-core-group-is-layout-939d3073 wp-block-group-is-layout-flex\" style=\"border-style:none;border-width:0px;padding-right:0;padding-left:0\">\n<hr class=\"wp-block-separator has-text-color has-cyan-bluish-gray-color has-alpha-channel-opacity has-cyan-bluish-gray-background-color has-background is-style-wide\" style=\"margin-top:var(--wp--preset--spacing--30);margin-bottom:var(--wp--preset--spacing--30)\"\/>\n<\/div>\n\n\n\n<h3 class=\"wp-block-heading\">Empreses associades<\/h3>\n\n\n\n<div class=\"wp-block-columns is-layout-flex wp-container-core-columns-is-layout-28f84493 wp-block-columns-is-layout-flex\">\n<div class=\"wp-block-column is-layout-flow wp-block-column-is-layout-flow\">\n<h5 class=\"wp-block-heading\">NURIA&nbsp;SANS&nbsp;ROVIRA<br>Antoni Ortiz Martin<br>A.I.C.O.<br>ADF<br>AGRICOLA CASACUBERTA<br>AIG\u00dcES DE VIC, S.A.<br>ALR &#8211; Auto Lloguer Roda<br>ALVIC &#8211; OFITRES<br>Autovigatana,S.L.<br>Bach&nbsp;Trans,S.L.&nbsp;&#8211;&nbsp;DHL&nbsp;Express<br>BENITO URBAN<br>BISAURA MOTORS<br>Gil Teulades<br>BigMat&nbsp;Gil<br>Campuvic&nbsp;Viatges,&nbsp;sl<br>Carles&nbsp;Casals&nbsp;sl<br>Coeva&nbsp;Vic,S.A.<br>Cros 3- S.L.<br>Curos,S.A.<br>Construccions i Paviments Osona,S.L.<br>DEXIS IBERICA<br>GESAME FOOD MACHINERY, S.L.<br>DILART<br>DISERVIC, S.L.<br>Erra&nbsp;Tecni-Ram,S.L.&nbsp;&nbsp;<br>Especial Inox,S.L.<br>Equips d&#8217;oficina Salvans, sl<br>EUKARYA XOCOLAT, SL<br>FAB. I MUNTATGES BOIRA SL<br>Ferreteria Euman<br>Ferros&nbsp;Collell,S.L.<br>FUSTES CENTRALS S.A.<br>Graficser,S.L.<br>GIRBAU<br>Gr\u00e0fiques&nbsp;Copyset,S.L.<\/h5>\n<\/div>\n\n\n\n<div class=\"wp-block-column is-layout-flow wp-block-column-is-layout-flow\">\n<h5 class=\"wp-block-heading\">Hiper&nbsp;Decoraci\u00f3,S.A.<br>HOMS&nbsp;MECANIC,&nbsp;SL<br>Jaime&nbsp;Ylla&nbsp;Y&nbsp;Aliberch,&nbsp;S.A.<br>Laser&nbsp;Marking&nbsp;System,S.L.<br>Lifra,S.L. (Idees)<br>LOSTEC, S.A.<br>M.&nbsp;Boada,&nbsp;S.A.<br>Manufacturados&nbsp;Ferricos,S.A.<br>Mec Osona<br>Montal i Fills,S.L.<br>Montronic<br>Maquinaria industrial Farres,S.L.<br>P. SANT ANTONI<br>Panificadora&nbsp;de&nbsp;Vic,&nbsp;S.A.<br>PerfectVan, SL<br>PERFILTER SL<br>PERSIANES CALLDETENES, S.L. (SU<br>Refrigeraci\u00f3&nbsp;Soler,&nbsp;S.L.<br>Restaurant&nbsp;ZD,&nbsp;S.L.<br>Retols&nbsp;C&nbsp;3,S.L.<br>Rotor&nbsp;Vic,S.L.<br>OSONA ELEVACI\u00d3 SL<br>Sanglas&nbsp;Baulenas,S.L.<br>Seleflor,S.L.<br>SERVYCAT<br>SONEPAR SPAIN SAU\n<br>SICOSA&nbsp;&nbsp;<br>TALLER MOTORPAE, SL<br>THE CYCLERY SL<br>Tejidos J. SERRA<br>Transports&nbsp;Sentfores,S.L.<br>Vicreu,S.A.<br>NORDEN ALU TECHNOLOGY<br>XAVIER&nbsp;CAPDEVILA<br>VICFRED SCCL<br>VIC&nbsp;TRASTERS&nbsp;SL<br>PUVITEXT<\/h5>\n<\/div>\n<\/div>\n","protected":false},"excerpt":{"rendered":"<p>President:&nbsp;Toni Erra Presentaci\u00f3 L\u2019Associaci\u00f3 de Parc Activitats Economiques de Vic es va constituir per part de dos empresaris del pol\u00edgon l\u2019any 2003, amb la finalitat de treballar conjuntament i poder millorar les condicions del pol\u00edgon per fer-ne una zona atractiva per les empreses i dotada de tots els serveis que es necessiten. Algunes de les [&hellip;]<\/p>\n","protected":false},"author":2,"featured_media":0,"parent":0,"menu_order":0,"comment_status":"closed","ping_status":"closed","template":"","meta":{"footnotes":""},"class_list":["post-290","page","type-page","status-publish","hentry"],"_links":{"self":[{"href":"https:\/\/poligonsvic.cat\/index.php\/wp-json\/wp\/v2\/pages\/290","targetHints":{"allow":["GET"]}}],"collection":[{"href":"https:\/\/poligonsvic.cat\/index.php\/wp-json\/wp\/v2\/pages"}],"about":[{"href":"https:\/\/poligonsvic.cat\/index.php\/wp-json\/wp\/v2\/types\/page"}],"author":[{"embeddable":true,"href":"https:\/\/poligonsvic.cat\/index.php\/wp-json\/wp\/v2\/users\/2"}],"replies":[{"embeddable":true,"href":"https:\/\/poligonsvic.cat\/index.php\/wp-json\/wp\/v2\/comments?post=290"}],"version-history":[{"count":15,"href":"https:\/\/poligonsvic.cat\/index.php\/wp-json\/wp\/v2\/pages\/290\/revisions"}],"predecessor-version":[{"id":472,"href":"https:\/\/poligonsvic.cat\/index.php\/wp-json\/wp\/v2\/pages\/290\/revisions\/472"}],"wp:attachment":[{"href":"https:\/\/poligonsvic.cat\/index.php\/wp-json\/wp\/v2\/media?parent=290"}],"curies":[{"name":"wp","href":"https:\/\/api.w.org\/{rel}","templated":true}]}}