{"id":8,"date":"2023-11-21T08:44:06","date_gmt":"2023-11-21T07:44:06","guid":{"rendered":"https:\/\/poligonsvic.cat\/?page_id=8"},"modified":"2024-08-07T11:01:00","modified_gmt":"2024-08-07T09:01:00","slug":"vic-industrial","status":"publish","type":"page","link":"https:\/\/poligonsvic.cat\/index.php\/vic-industrial\/","title":{"rendered":"Vic industrial"},"content":{"rendered":"\n<h2 class=\"wp-block-heading\"><strong>VIC, CIUTAT DE FIRES, MERCATS I IND\u00daSTRIA<\/strong><\/h2>\n\n\n\n<p>Vic es una ciutat coneguda per les seves fires i mercats. La localitat, per\u00f2, tamb\u00e9 t\u00e9 un llegat hist\u00f2ric industrial.<br>El sector tradicional del cuir, hegem\u00f2nic fa uns anys, va deixar pas a la metal\u00b7l\u00fargia i l&#8217;agroaliment\u00e0ci\u00f3, que s\u00f3n avui les ind\u00fastries dominants. Les dues activitats empresarials m\u00e9s importants de la ciutat conviuen amb un teixit industrial molt diversificat i amb un sector comercial i de serveis en creixement En aquest marc, cal apuntar que Vic disposa una oferta variada d&#8217;infraestructures i serveis administratius, sanitaris, docents i socials.<br>La capital d\u2019Osona disposa d&#8217;altres grans fortaleses en aquest context, com l\u2019exist\u00e8ncia de la Universitat de Vic i el centre tecnol\u00f2gic BETA, i una magn\u00edfica ubicaci\u00f3 territorial.<br>La capital d\u2019Osona \u00e9s una ciutat rica en contrastos on conviuen la tradici\u00f3 i la modernitat, l&#8217;her\u00e8ncia del m\u00f3n rural i els ambients m\u00e9s avan\u00e7ats, la tranquil\u00b7litat pr\u00f2pia d&#8217;una ciutat petita i l&#8217;animaci\u00f3 l\u00fadica i festiva.<\/p>\n\n\n\n<div style=\"height:20px\" aria-hidden=\"true\" class=\"wp-block-spacer\"><\/div>\n\n\n\n<h3 class=\"wp-block-heading\">Hist\u00f2ria Industrial de Vic: Els sectors de la Pell, Porc\u00ed i Metall.<\/h3>\n\n\n\n<p>La hist\u00f2ria industrial de Vic la podem resumir en tres grans paraules: pell, porc i metall. Aquests sectors han marcat el passat, present i futur de la ciutat i la comarca d\u2019Osona, forjant una economia local poderosa.<\/p>\n\n\n\n<div style=\"height:12px\" aria-hidden=\"true\" class=\"wp-block-spacer\"><\/div>\n\n\n\n<h5 class=\"wp-block-heading\"><strong>EL PILAR AGROALIMENTARI: L\u2019IMPULS DEL SECTOR PORC\u00cd<\/strong><\/h5>\n\n\n\n<p>El sector porc\u00ed, emmarcat en el sector agroalimentari, \u00e9s una pe\u00e7a fonamental de la Comarca d\u2019Osona i la seva capital, Vic. La cadena de valor agroaliment\u00e0ria \u00e9s la m\u00e9s important de la comarca, concentrant el 51% de la facturaci\u00f3 empresarial i m\u00e9s d\u20191 de cada 4 llocs de treball. Aquestes dades el situen com un dels eixos centrals de l\u2019economia vigatana.<\/p>\n\n\n\n<div style=\"height:12px\" aria-hidden=\"true\" class=\"wp-block-spacer\"><\/div>\n\n\n\n<h5 class=\"wp-block-heading\"><strong>IND\u00daSTRIA DEL METALL: L\u2019ACTUALITAT<\/strong><\/h5>\n\n\n\n<p>Aquesta ind\u00fastria agroaliment\u00e0ria ha fet desenvolupar un altre sector industrial que en dep\u00e8n, la del metall. Maquin\u00e0ria i instal\u00b7lacions per a la ind\u00fastria agroaliment\u00e0ria, la transformaci\u00f3 de les instal\u00b7lacions amb acer inoxidable, i despr\u00e9s tamb\u00e9 la del motor, vehicles i ind\u00fastria derivada de l\u2019automoci\u00f3. Ara, una ind\u00fastria dominant en tots els sentits.<\/p>\n\n\n\n<div style=\"height:12px\" aria-hidden=\"true\" class=\"wp-block-spacer\"><\/div>\n\n\n\n<h5 class=\"wp-block-heading\"><strong>EL T\u00c8XTIL I LA PELL: UNA MIRADA AL PASSAT<\/strong><\/h5>\n\n\n\n<p>Amb una mirada al passat, no podem entendre el desenvolupament econ\u00f2mic de Vic sense assenyalar la import\u00e0ncia hist\u00f2rica del t\u00e8xtil i, sobretot, de la pell al municipi. Durant segles, aquestes ind\u00fastries han estat sin\u00f2nim de dinamisme econ\u00f2mic i oportunitats laborals. Encara avui, podem veure vestigis d&#8217;aquest passat esplendor\u00f3s al Museu de l\u2019Art de la Pell i les recentment remodelades Adoberies. Aquestes adoberies, transformades en espais per a la creaci\u00f3 i innovaci\u00f3 de nous projectes professionals en el sector del disseny, s\u00f3n un testimoni de la capacitat de resili\u00e8ncia i adaptaci\u00f3 de Vic.<\/p>\n\n\n\n<div style=\"height:12px\" aria-hidden=\"true\" class=\"wp-block-spacer\"><\/div>\n\n\n\n<h5 class=\"wp-block-heading\"><strong>LA UVIC- UCC I EL CONEIXEMENT: LA BASE DEL CANVI<\/strong><\/h5>\n\n\n\n<p>La pres\u00e8ncia de la Universitat de Vic \u2013 Universitat Central de Catalunya (UVIC \u2013 UCC) \u00e9s un rara avis en el seu entorn m\u00e9s proper, llevat de les quatre capitals de les prov\u00edncies catalanes. La generaci\u00f3 de coneixement per part de la instituci\u00f3 universit\u00e0ria \u00e9s la mat\u00e8ria prima b\u00e0sica per a la innovaci\u00f3 i el desenvolupament d\u2019una cultura emprenedora s\u00f2lida. En altres paraules, \u00e9s un motor d\u2019innovaci\u00f3 i emprenedoria que promou la competitivitat i la sostenibilitat de les empreses i ind\u00fastria local. L\u2019estreta col\u00b7laboraci\u00f3 entre l\u2019empresariat i la Universitat, equilibrant l\u2019oferta i demanda formativa, permet el desenvolupament d\u2019uns professionals altament qualificats que apuntalen la competitivitat del teixit productiu.<\/p>\n\n\n\n<div style=\"height:12px\" aria-hidden=\"true\" class=\"wp-block-spacer\"><\/div>\n\n\n\n<h5 class=\"wp-block-heading\"><strong>LOCALITZACI\u00d3 ESTRAT\u00c8GICA<\/strong><\/h5>\n\n\n\n<p>La bona connectivitat nacional i internacional de la ciutat esdev\u00e9 una altra gran fortalesa. La ciutat \u00e9s un nexe de grans infraestructures com la R3, la C-17 o la C-25 que faciliten l\u2019atracci\u00f3 i l\u2019establiment de grans empreses. Aquesta connectivitat no nom\u00e9s millora la log\u00edstica, sin\u00f3 que tamb\u00e9 concentra l&#8217;activitat econ\u00f2mica i els serveis. A tall d\u2019exemple, el 76% dels llocs de treball de la comarca d\u2019Osona estan situats al voltant dels municipis de l\u2019eix vertical de la C-17.<\/p>\n\n\n\n<p>Per tot plegat, Vic esdev\u00e9 el territori ideal tant per a projectes embrionaris com per a aquells m\u00e9s consolidats. La combinaci\u00f3 d\u2019hist\u00f2ria i innovaci\u00f3 el converteixen en un territori competitiu i amb un gran potencial industrial. La influ\u00e8ncia de la UVic-UCC en la formaci\u00f3 de talent i la generaci\u00f3 de coneixement inesgotable juntament amb una ubicaci\u00f3 estrat\u00e8gica que facilita la connectivitat i el creixement empresarial, l\u2019avalen per adaptar-se al seguit de reptes que l\u2019economia mundial afronti en les pr\u00f2ximes d\u00e8cades.&nbsp;&nbsp;<\/p>\n\n\n\n<div style=\"height:129px\" aria-hidden=\"true\" class=\"wp-block-spacer\"><\/div>\n\n\n\n<p><\/p>\n","protected":false},"excerpt":{"rendered":"<p>VIC, CIUTAT DE FIRES, MERCATS I IND\u00daSTRIA Vic es una ciutat coneguda per les seves fires i mercats. La localitat, per\u00f2, tamb\u00e9 t\u00e9 un llegat hist\u00f2ric industrial.El sector tradicional del cuir, hegem\u00f2nic fa uns anys, va deixar pas a la metal\u00b7l\u00fargia i l&#8217;agroaliment\u00e0ci\u00f3, que s\u00f3n avui les ind\u00fastries dominants. Les dues activitats empresarials m\u00e9s importants [&hellip;]<\/p>\n","protected":false},"author":2,"featured_media":0,"parent":0,"menu_order":0,"comment_status":"closed","ping_status":"closed","template":"","meta":{"footnotes":""},"class_list":["post-8","page","type-page","status-publish","hentry"],"_links":{"self":[{"href":"https:\/\/poligonsvic.cat\/index.php\/wp-json\/wp\/v2\/pages\/8","targetHints":{"allow":["GET"]}}],"collection":[{"href":"https:\/\/poligonsvic.cat\/index.php\/wp-json\/wp\/v2\/pages"}],"about":[{"href":"https:\/\/poligonsvic.cat\/index.php\/wp-json\/wp\/v2\/types\/page"}],"author":[{"embeddable":true,"href":"https:\/\/poligonsvic.cat\/index.php\/wp-json\/wp\/v2\/users\/2"}],"replies":[{"embeddable":true,"href":"https:\/\/poligonsvic.cat\/index.php\/wp-json\/wp\/v2\/comments?post=8"}],"version-history":[{"count":16,"href":"https:\/\/poligonsvic.cat\/index.php\/wp-json\/wp\/v2\/pages\/8\/revisions"}],"predecessor-version":[{"id":392,"href":"https:\/\/poligonsvic.cat\/index.php\/wp-json\/wp\/v2\/pages\/8\/revisions\/392"}],"wp:attachment":[{"href":"https:\/\/poligonsvic.cat\/index.php\/wp-json\/wp\/v2\/media?parent=8"}],"curies":[{"name":"wp","href":"https:\/\/api.w.org\/{rel}","templated":true}]}}